{"id":2437,"date":"2023-01-17T16:17:03","date_gmt":"2023-01-17T16:17:03","guid":{"rendered":"https:\/\/genalpaisajismo.com\/cookies-policy\/"},"modified":"2023-01-17T16:17:03","modified_gmt":"2023-01-17T16:17:03","slug":"cookies-policy","status":"publish","type":"page","link":"https:\/\/genalpaisajismo.com\/en\/cookies-policy\/","title":{"rendered":"Cookies policy"},"content":{"rendered":"\t\t<div data-elementor-type=\"wp-page\" data-elementor-id=\"2437\" class=\"elementor elementor-2437\" data-elementor-post-type=\"page\">\n\t\t\t\t\t\t<section class=\"elementor-section elementor-top-section elementor-element elementor-element-3dc2a65 elementor-section-boxed elementor-section-height-default elementor-section-height-default\" data-id=\"3dc2a65\" data-element_type=\"section\">\n\t\t\t\t\t\t<div class=\"elementor-container elementor-column-gap-default\">\n\t\t\t\t\t<div class=\"elementor-column elementor-col-100 elementor-top-column elementor-element elementor-element-1f87578\" data-id=\"1f87578\" data-element_type=\"column\">\n\t\t\t<div class=\"elementor-widget-wrap elementor-element-populated\">\n\t\t\t\t\t\t<div class=\"elementor-element elementor-element-5391977 elementor-widget elementor-widget-spacer\" data-id=\"5391977\" data-element_type=\"widget\" data-widget_type=\"spacer.default\">\n\t\t\t\t<div class=\"elementor-widget-container\">\n\t\t\t\t\t\t\t<div class=\"elementor-spacer\">\n\t\t\t<div class=\"elementor-spacer-inner\"><\/div>\n\t\t<\/div>\n\t\t\t\t\t\t<\/div>\n\t\t\t\t<\/div>\n\t\t\t\t<div class=\"elementor-element elementor-element-0961cbd elementor-widget elementor-widget-heading\" data-id=\"0961cbd\" data-element_type=\"widget\" data-widget_type=\"heading.default\">\n\t\t\t\t<div class=\"elementor-widget-container\">\n\t\t\t\t\t<h2 class=\"elementor-heading-title elementor-size-default\">Pol\u00edtica de Cookies\n<\/h2>\t\t\t\t<\/div>\n\t\t\t\t<\/div>\n\t\t\t\t\t<\/div>\n\t\t<\/div>\n\t\t\t\t\t<\/div>\n\t\t<\/section>\n\t\t\t\t<section class=\"elementor-section elementor-top-section elementor-element elementor-element-4eec517 elementor-section-boxed elementor-section-height-default elementor-section-height-default\" data-id=\"4eec517\" data-element_type=\"section\">\n\t\t\t\t\t\t<div class=\"elementor-container elementor-column-gap-default\">\n\t\t\t\t\t<div class=\"elementor-column elementor-col-100 elementor-top-column elementor-element elementor-element-16953b4\" data-id=\"16953b4\" data-element_type=\"column\">\n\t\t\t<div class=\"elementor-widget-wrap elementor-element-populated\">\n\t\t\t\t\t\t<div class=\"elementor-element elementor-element-db73ce8 elementor-widget elementor-widget-text-editor\" data-id=\"db73ce8\" data-element_type=\"widget\" data-widget_type=\"text-editor.default\">\n\t\t\t\t<div class=\"elementor-widget-container\">\n\t\t\t\t\t\t\t\t\t<div id=\"main\" class=\"wrapper\"><div id=\"primary\" class=\"site-content\"><div id=\"content\" role=\"main\"><article id=\"post-667\" class=\"post-667 page type-page status-publish hentry\"><div class=\"entry-content\"><h3>Utilizamos cookies de terceros no necesarias para la navegaci\u00f3n, con finalidades anal\u00edticas y estad\u00edsticas.<\/h3><h4>\u00bfQu\u00e9 son las cookies?<\/h4><p>Una cookie es un fichero que se descarga en su ordenador al acceder a determinadas p\u00e1ginas web. Las cookies permiten a una p\u00e1gina web, entre otras cosas, almacenar y recuperar informaci\u00f3n sobre los h\u00e1bitos de navegaci\u00f3n de un usuario o de su equipo y, dependiendo de la informaci\u00f3n que contengan y de la forma en que utilice su equipo, pueden utilizarse para reconocer al usuario.<br \/>El presente sitio web utiliza las siguientes cookies no necesarias para la navegaci\u00f3n:<\/p><h3>Cookies de terceros:<\/h3><p>Son aquellas que se instalan en un Portal Web, pero no son titularidad del portal que se est\u00e1 visitando. Por tanto, estas cookies son espec\u00edficas de dominio de un tercero, y consecuentemente, las informaciones contenidas pueden ser vistas y gestionadas por \u00e9ste.<br \/>Del mismo modo, este tipo de cookies pueden usarse para mostrarle anuncios adaptados a sus propios intereses. Si el usuario hace clic en alg\u00fan banner, ser\u00e1 referido a la correspondiente URL del anunciante, en cuyo caso se usar\u00e1n cookies encargadas de perfeccionar informaci\u00f3n sobre sus propias preferencias.<\/p><h4>Este sitio web utiliza las siguientes cookies de terceros:<\/h4><ul><li><a href=\"http:\/\/www.google.es\/analytics\/\" target=\"_blank\" rel=\"noopener\">Google Analytics<\/a>, desarrollada por Google Inc., permite obtener informaci\u00f3n de las visitas recibidas en el sitio web con el objeto de poder realizar evaluaciones, c\u00e1lculos estad\u00edsticos sobre datos totalmente an\u00f3nimos, con el objeto de garantizar la continuidad del servicio, optimizar el contenido y el rendimiento de nuestra web. Puedes consultar la pol\u00edtica de cookies de Google Analytics pulsando aqu\u00ed<\/li><\/ul><p>Todas estas tareas de procesamiento ser\u00e1n reguladas seg\u00fan las normas legales y se respetar\u00e1n todos sus derechos en materia de protecci\u00f3n de datos conforme a la regulaci\u00f3n vigente.<\/p><h4>\u00bfC\u00f3mo puedo gestionar las cookies?<\/h4><p>El presente sitio web hace uso de las cookies citadas, de todas formas, el usuario puede acceder al men\u00fa de preferencias de su navegador y configurarlo para que no se instalen cookies, borrar las ya existentes y\/o eliminarlas.<\/p><p>Con el objeto de ampliar la informaci\u00f3n referente a la gesti\u00f3n de las cookies, en los siguientes enlaces se detallan los pasos para eliminar las cookies de los principales navegadores:<\/p><ul><li><a href=\"https:\/\/support.google.com\/chrome\/answer\/95647?hl=es\" target=\"_blank\" rel=\"noopener\">Eliminar cookies en Chrome<\/a><\/li><li><a href=\"https:\/\/support.mozilla.org\/es\/kb\/Borrar%20cookies\" target=\"_blank\" rel=\"noopener\">Eliminar cookies en Firefox<\/a><\/li><li><a href=\"http:\/\/windows.microsoft.com\/es-xl\/internet-explorer\/delete-manage-cookies#ie=ie-10\" target=\"_blank\" rel=\"noopener\">Eliminar cookies en Internet Explorer<\/a><\/li><li><a href=\"http:\/\/support.apple.com\/kb\/HT1677?viewlocale=es_ES&amp;locale=es_ES\" target=\"_blank\" rel=\"noopener\">Eliminar cookies en Safari<\/a><\/li><li><a href=\"http:\/\/help.opera.com\/Windows\/11.50\/es-ES\/cookies.html\" target=\"_blank\" rel=\"noopener\">Eliminar cookies en Opera<\/a><\/li><\/ul><h4>Para obtener m\u00e1s informaci\u00f3n sobre el uso de las cookies puedes acceder al enlace:<\/h4><p><a href=\"http:\/\/www.agpd.es\/portalwebAGPD\/canaldocumentacion\/publicaciones\/common\/Guias\/Guia_Cookies.pdf\" target=\"_blank\" rel=\"noopener\">Gu\u00eda sobre el uso de las cookies elaborada por la Agencia Espa\u00f1ola de Protecci\u00f3n de Datos.<\/a><\/p><\/div><\/article><div id=\"comments\" class=\"comments-area\">\u00a0<\/div><\/div><\/div><\/div><footer id=\"colophon\" role=\"contentinfo\"><div class=\"site-info\">\u00a0<\/div><\/footer>\t\t\t\t\t\t\t\t<\/div>\n\t\t\t\t<\/div>\n\t\t\t\t\t<\/div>\n\t\t<\/div>\n\t\t\t\t\t<\/div>\n\t\t<\/section>\n\t\t\t\t<\/div>\n\t\t","protected":false},"excerpt":{"rendered":"<p>Pol\u00edtica de Cookies Utilizamos cookies de terceros no necesarias para la navegaci\u00f3n, con finalidades anal\u00edticas y estad\u00edsticas. \u00bfQu\u00e9 son las cookies? Una cookie es un fichero que se descarga en su ordenador al acceder a determinadas p\u00e1ginas web. Las cookies permiten a una p\u00e1gina web, entre otras cosas, almacenar y recuperar informaci\u00f3n sobre los h\u00e1bitos [&hellip;]<\/p>\n","protected":false},"author":2,"featured_media":0,"parent":0,"menu_order":0,"comment_status":"closed","ping_status":"closed","template":"","meta":{"site-sidebar-layout":"no-sidebar","site-content-layout":"page-builder","ast-site-content-layout":"","site-content-style":"default","site-sidebar-style":"default","ast-global-header-display":"","ast-banner-title-visibility":"","ast-main-header-display":"","ast-hfb-above-header-display":"","ast-hfb-below-header-display":"","ast-hfb-mobile-header-display":"","site-post-title":"disabled","ast-breadcrumbs-content":"","ast-featured-img":"disabled","footer-sml-layout":"","theme-transparent-header-meta":"","adv-header-id-meta":"","stick-header-meta":"","header-above-stick-meta":"","header-main-stick-meta":"","header-below-stick-meta":"","astra-migrate-meta-layouts":"default","ast-page-background-enabled":"default","ast-page-background-meta":{"desktop":{"background-color":"var(--ast-global-color-4)","background-image":"","background-repeat":"repeat","background-position":"center center","background-size":"auto","background-attachment":"scroll","background-type":"","background-media":"","overlay-type":"","overlay-color":"","overlay-opacity":"","overlay-gradient":""},"tablet":{"background-color":"","background-image":"","background-repeat":"repeat","background-position":"center center","background-size":"auto","background-attachment":"scroll","background-type":"","background-media":"","overlay-type":"","overlay-color":"","overlay-opacity":"","overlay-gradient":""},"mobile":{"background-color":"","background-image":"","background-repeat":"repeat","background-position":"center center","background-size":"auto","background-attachment":"scroll","background-type":"","background-media":"","overlay-type":"","overlay-color":"","overlay-opacity":"","overlay-gradient":""}},"ast-content-background-meta":{"desktop":{"background-color":"var(--ast-global-color-5)","background-image":"","background-repeat":"repeat","background-position":"center center","background-size":"auto","background-attachment":"scroll","background-type":"","background-media":"","overlay-type":"","overlay-color":"","overlay-opacity":"","overlay-gradient":""},"tablet":{"background-color":"var(--ast-global-color-5)","background-image":"","background-repeat":"repeat","background-position":"center center","background-size":"auto","background-attachment":"scroll","background-type":"","background-media":"","overlay-type":"","overlay-color":"","overlay-opacity":"","overlay-gradient":""},"mobile":{"background-color":"var(--ast-global-color-5)","background-image":"","background-repeat":"repeat","background-position":"center center","background-size":"auto","background-attachment":"scroll","background-type":"","background-media":"","overlay-type":"","overlay-color":"","overlay-opacity":"","overlay-gradient":""}},"footnotes":""},"class_list":["post-2437","page","type-page","status-publish","hentry"],"aioseo_notices":[],"_links":{"self":[{"href":"https:\/\/genalpaisajismo.com\/en\/wp-json\/wp\/v2\/pages\/2437","targetHints":{"allow":["GET"]}}],"collection":[{"href":"https:\/\/genalpaisajismo.com\/en\/wp-json\/wp\/v2\/pages"}],"about":[{"href":"https:\/\/genalpaisajismo.com\/en\/wp-json\/wp\/v2\/types\/page"}],"author":[{"embeddable":true,"href":"https:\/\/genalpaisajismo.com\/en\/wp-json\/wp\/v2\/users\/2"}],"replies":[{"embeddable":true,"href":"https:\/\/genalpaisajismo.com\/en\/wp-json\/wp\/v2\/comments?post=2437"}],"version-history":[{"count":0,"href":"https:\/\/genalpaisajismo.com\/en\/wp-json\/wp\/v2\/pages\/2437\/revisions"}],"wp:attachment":[{"href":"https:\/\/genalpaisajismo.com\/en\/wp-json\/wp\/v2\/media?parent=2437"}],"curies":[{"name":"wp","href":"https:\/\/api.w.org\/{rel}","templated":true}]}}